{"id":10381,"date":"2025-11-06T01:44:33","date_gmt":"2025-11-06T01:44:33","guid":{"rendered":"https:\/\/playaymonte.com\/?post_type=product&#038;p=10381"},"modified":"2025-11-06T01:45:28","modified_gmt":"2025-11-06T01:45:28","slug":"magneto-ponce","status":"publish","type":"product","link":"https:\/\/playaymonte.com\/?product=magneto-ponce","title":{"rendered":"Magneto &#8211; Ponce"},"content":{"rendered":"<p><strong>Magneto de Madera \u2013 Hechos en Puerto Rico y Pintados a Mano<\/strong><\/p>\n<p>Elegantes y duraderos, nuestros llaveros grabados con l\u00e1ser celebran la belleza y orgullo de Puerto Rico. Cada pieza est\u00e1 cuidadosamente cortada en madera natural, ideal como recuerdo o detalle \u00fanico.<\/p>\n","protected":false},"excerpt":{"rendered":"<p>Magneto de Madera \u2013 Hechos en Puerto Rico y Pintados a Mano Elegantes y duraderos, nuestros llaveros grabados con l\u00e1ser celebran la belleza y orgullo de Puerto Rico. Cada pieza est\u00e1 cuidadosamente cortada en madera natural, ideal como recuerdo o detalle \u00fanico.<\/p>\n","protected":false},"featured_media":10310,"comment_status":"open","ping_status":"closed","template":"","meta":[],"product_brand":[],"product_cat":[275],"product_tag":[],"class_list":{"0":"post-10381","1":"product","2":"type-product","3":"status-publish","4":"has-post-thumbnail","6":"product_cat-magnetos","8":"first","9":"instock","10":"taxable","11":"shipping-taxable","12":"purchasable","13":"product-type-simple"},"jetpack_sharing_enabled":true,"_links":{"self":[{"href":"https:\/\/playaymonte.com\/index.php?rest_route=\/wp\/v2\/product\/10381","targetHints":{"allow":["GET"]}}],"collection":[{"href":"https:\/\/playaymonte.com\/index.php?rest_route=\/wp\/v2\/product"}],"about":[{"href":"https:\/\/playaymonte.com\/index.php?rest_route=\/wp\/v2\/types\/product"}],"replies":[{"embeddable":true,"href":"https:\/\/playaymonte.com\/index.php?rest_route=%2Fwp%2Fv2%2Fcomments&post=10381"}],"wp:featuredmedia":[{"embeddable":true,"href":"https:\/\/playaymonte.com\/index.php?rest_route=\/wp\/v2\/media\/10310"}],"wp:attachment":[{"href":"https:\/\/playaymonte.com\/index.php?rest_route=%2Fwp%2Fv2%2Fmedia&parent=10381"}],"wp:term":[{"taxonomy":"product_brand","embeddable":true,"href":"https:\/\/playaymonte.com\/index.php?rest_route=%2Fwp%2Fv2%2Fproduct_brand&post=10381"},{"taxonomy":"product_cat","embeddable":true,"href":"https:\/\/playaymonte.com\/index.php?rest_route=%2Fwp%2Fv2%2Fproduct_cat&post=10381"},{"taxonomy":"product_tag","embeddable":true,"href":"https:\/\/playaymonte.com\/index.php?rest_route=%2Fwp%2Fv2%2Fproduct_tag&post=10381"}],"curies":[{"name":"wp","href":"https:\/\/api.w.org\/{rel}","templated":true}]}}