{"id":10332,"date":"2025-10-30T01:16:38","date_gmt":"2025-10-30T01:16:38","guid":{"rendered":"https:\/\/playaymonte.com\/?post_type=product&#038;p=10332"},"modified":"2025-10-30T01:17:45","modified_gmt":"2025-10-30T01:17:45","slug":"llavero-puerto-rico","status":"publish","type":"product","link":"https:\/\/playaymonte.com\/?product=llavero-puerto-rico","title":{"rendered":"Llavero &#8211; Puerto Rico"},"content":{"rendered":"<p><strong>Llaveros de Madera \u2013 Hechos en Puerto Rico <\/strong><strong>\ud83c\uddf5\ud83c\uddf7<\/strong><\/p>\n<p>Elegantes y duraderos, nuestros llaveros grabados con l\u00e1ser celebran la belleza y orgullo de Puerto Rico. Cada pieza est\u00e1 cuidadosamente cortada en madera natural, ideal como recuerdo o detalle \u00fanico.<\/p>\n","protected":false},"excerpt":{"rendered":"<p>Llaveros de Madera \u2013 Hechos en Puerto Rico \ud83c\uddf5\ud83c\uddf7 Elegantes y duraderos, nuestros llaveros grabados con l\u00e1ser celebran la belleza y orgullo de Puerto Rico. Cada pieza est\u00e1 cuidadosamente cortada en madera natural, ideal como recuerdo o detalle \u00fanico.<\/p>\n","protected":false},"featured_media":10317,"comment_status":"open","ping_status":"closed","template":"","meta":[],"product_brand":[],"product_cat":[274],"product_tag":[],"class_list":{"0":"post-10332","1":"product","2":"type-product","3":"status-publish","4":"has-post-thumbnail","6":"product_cat-llaveros","8":"first","9":"instock","10":"sale","11":"taxable","12":"shipping-taxable","13":"purchasable","14":"product-type-simple"},"jetpack_sharing_enabled":true,"_links":{"self":[{"href":"https:\/\/playaymonte.com\/index.php?rest_route=\/wp\/v2\/product\/10332","targetHints":{"allow":["GET"]}}],"collection":[{"href":"https:\/\/playaymonte.com\/index.php?rest_route=\/wp\/v2\/product"}],"about":[{"href":"https:\/\/playaymonte.com\/index.php?rest_route=\/wp\/v2\/types\/product"}],"replies":[{"embeddable":true,"href":"https:\/\/playaymonte.com\/index.php?rest_route=%2Fwp%2Fv2%2Fcomments&post=10332"}],"wp:featuredmedia":[{"embeddable":true,"href":"https:\/\/playaymonte.com\/index.php?rest_route=\/wp\/v2\/media\/10317"}],"wp:attachment":[{"href":"https:\/\/playaymonte.com\/index.php?rest_route=%2Fwp%2Fv2%2Fmedia&parent=10332"}],"wp:term":[{"taxonomy":"product_brand","embeddable":true,"href":"https:\/\/playaymonte.com\/index.php?rest_route=%2Fwp%2Fv2%2Fproduct_brand&post=10332"},{"taxonomy":"product_cat","embeddable":true,"href":"https:\/\/playaymonte.com\/index.php?rest_route=%2Fwp%2Fv2%2Fproduct_cat&post=10332"},{"taxonomy":"product_tag","embeddable":true,"href":"https:\/\/playaymonte.com\/index.php?rest_route=%2Fwp%2Fv2%2Fproduct_tag&post=10332"}],"curies":[{"name":"wp","href":"https:\/\/api.w.org\/{rel}","templated":true}]}}