{"id":10307,"date":"2025-10-30T01:05:19","date_gmt":"2025-10-30T01:05:19","guid":{"rendered":"https:\/\/playaymonte.com\/?post_type=product&#038;p=10307"},"modified":"2025-10-30T01:05:20","modified_gmt":"2025-10-30T01:05:20","slug":"llavero-ponce","status":"publish","type":"product","link":"https:\/\/playaymonte.com\/?product=llavero-ponce","title":{"rendered":"Llavero &#8211; Ponce"},"content":{"rendered":"<p><strong>Llaveros de Madera \u2013 Hechos en Puerto Rico<\/strong><\/p>\n<p>Elegantes y duraderos, nuestros llaveros grabados con l\u00e1ser celebran la belleza y orgullo de Puerto Rico. Cada pieza est\u00e1 cuidadosamente cortada en madera natural, ideal como recuerdo o detalle \u00fanico.<\/p>\n","protected":false},"excerpt":{"rendered":"<p>Llaveros de Madera \u2013 Hechos en Puerto Rico Elegantes y duraderos, nuestros llaveros grabados con l\u00e1ser celebran la belleza y orgullo de Puerto Rico. Cada pieza est\u00e1 cuidadosamente cortada en madera natural, ideal como recuerdo o detalle \u00fanico.<\/p>\n","protected":false},"featured_media":10314,"comment_status":"open","ping_status":"closed","template":"","meta":[],"product_brand":[],"product_cat":[274],"product_tag":[],"class_list":{"0":"post-10307","1":"product","2":"type-product","3":"status-publish","4":"has-post-thumbnail","6":"product_cat-llaveros","8":"first","9":"instock","10":"sale","11":"taxable","12":"shipping-taxable","13":"purchasable","14":"product-type-simple"},"jetpack_sharing_enabled":true,"_links":{"self":[{"href":"https:\/\/playaymonte.com\/index.php?rest_route=\/wp\/v2\/product\/10307","targetHints":{"allow":["GET"]}}],"collection":[{"href":"https:\/\/playaymonte.com\/index.php?rest_route=\/wp\/v2\/product"}],"about":[{"href":"https:\/\/playaymonte.com\/index.php?rest_route=\/wp\/v2\/types\/product"}],"replies":[{"embeddable":true,"href":"https:\/\/playaymonte.com\/index.php?rest_route=%2Fwp%2Fv2%2Fcomments&post=10307"}],"wp:featuredmedia":[{"embeddable":true,"href":"https:\/\/playaymonte.com\/index.php?rest_route=\/wp\/v2\/media\/10314"}],"wp:attachment":[{"href":"https:\/\/playaymonte.com\/index.php?rest_route=%2Fwp%2Fv2%2Fmedia&parent=10307"}],"wp:term":[{"taxonomy":"product_brand","embeddable":true,"href":"https:\/\/playaymonte.com\/index.php?rest_route=%2Fwp%2Fv2%2Fproduct_brand&post=10307"},{"taxonomy":"product_cat","embeddable":true,"href":"https:\/\/playaymonte.com\/index.php?rest_route=%2Fwp%2Fv2%2Fproduct_cat&post=10307"},{"taxonomy":"product_tag","embeddable":true,"href":"https:\/\/playaymonte.com\/index.php?rest_route=%2Fwp%2Fv2%2Fproduct_tag&post=10307"}],"curies":[{"name":"wp","href":"https:\/\/api.w.org\/{rel}","templated":true}]}}